{"id":366,"date":"2020-03-29T18:50:17","date_gmt":"2020-03-29T16:50:17","guid":{"rendered":"https:\/\/shop.fit4dog.at\/?post_type=product&#038;p=366"},"modified":"2020-03-29T18:51:15","modified_gmt":"2020-03-29T16:51:15","slug":"top-matic-fun-ball-soft-blau-top-matic","status":"publish","type":"product","link":"https:\/\/shop.fit4dog.at\/produkt\/top-matic-fun-ball-soft-blau-top-matic\/","title":{"rendered":"Top-Matic Fun Ball SOFT blau Top-Matic"},"content":{"rendered":"<p><span class=\"text_product_overview\"><strong>Top-Matic &#8222;Fun-Ball SOFT&#8220;<\/strong> &#8211; f\u00fcr die Aktivierung mit H\u00f6rzeichen, in Verbindung mit Triebf\u00f6rderung mittels Zerrspiel f\u00fcr den Hund. Durchmesser: 6.8 cm. Farbe blau.<br \/>\n<strong>Ausf\u00fchrung SOFT<\/strong> (etwas weicher, elastischer wie Fun-Ball orange), f\u00fcr Hunde mit geringerer Bei\u00dfkraft, die einen weicheren Ball bevorzugen.<br \/>\nIDEAL bei k\u00e4lterenTemperaturen, da er nicht so hart wird, wie der orange Fun-Ball.<\/span><\/p>\n","protected":false},"excerpt":{"rendered":"<p>mit Schnur, f\u00fcr Hunde, die einen etwas weicheren Ball bevorzugen. Farbe: blau<\/p>\n","protected":false},"featured_media":367,"comment_status":"open","ping_status":"closed","template":"","meta":[],"product_brand":[],"product_cat":[15],"product_tag":[],"class_list":{"0":"post-366","1":"product","2":"type-product","3":"status-publish","4":"has-post-thumbnail","6":"product_cat-unkategorisiert","8":"first","9":"instock","10":"shipping-taxable","11":"purchasable","12":"product-type-simple"},"_links":{"self":[{"href":"https:\/\/shop.fit4dog.at\/wp-json\/wp\/v2\/product\/366","targetHints":{"allow":["GET"]}}],"collection":[{"href":"https:\/\/shop.fit4dog.at\/wp-json\/wp\/v2\/product"}],"about":[{"href":"https:\/\/shop.fit4dog.at\/wp-json\/wp\/v2\/types\/product"}],"replies":[{"embeddable":true,"href":"https:\/\/shop.fit4dog.at\/wp-json\/wp\/v2\/comments?post=366"}],"version-history":[{"count":1,"href":"https:\/\/shop.fit4dog.at\/wp-json\/wp\/v2\/product\/366\/revisions"}],"predecessor-version":[{"id":368,"href":"https:\/\/shop.fit4dog.at\/wp-json\/wp\/v2\/product\/366\/revisions\/368"}],"wp:featuredmedia":[{"embeddable":true,"href":"https:\/\/shop.fit4dog.at\/wp-json\/wp\/v2\/media\/367"}],"wp:attachment":[{"href":"https:\/\/shop.fit4dog.at\/wp-json\/wp\/v2\/media?parent=366"}],"wp:term":[{"taxonomy":"product_brand","embeddable":true,"href":"https:\/\/shop.fit4dog.at\/wp-json\/wp\/v2\/product_brand?post=366"},{"taxonomy":"product_cat","embeddable":true,"href":"https:\/\/shop.fit4dog.at\/wp-json\/wp\/v2\/product_cat?post=366"},{"taxonomy":"product_tag","embeddable":true,"href":"https:\/\/shop.fit4dog.at\/wp-json\/wp\/v2\/product_tag?post=366"}],"curies":[{"name":"wp","href":"https:\/\/api.w.org\/{rel}","templated":true}]}}